{"id":203,"date":"2017-07-13T09:49:22","date_gmt":"2017-07-13T07:49:22","guid":{"rendered":"http:\/\/cllajvdb.fr\/?page_id=203"},"modified":"2025-04-01T12:44:53","modified_gmt":"2025-04-01T10:44:53","slug":"offres-demploi","status":"publish","type":"page","link":"http:\/\/cllajvdb.fr\/?page_id=203","title":{"rendered":"Offres d&#8217;emploi"},"content":{"rendered":"\n<p>Nous recherchons un travailleur social pour rejoindre notre \u00e9quipe:<\/p>\n\n\n\n<p>Description du poste<\/p>\n\n\n\n<p>Obligatoire&nbsp;: Dipl\u00f4me d\u2019\u00e9tat de travailleur social (DECESF, DEAS, DEES, Moniteur Educateur)<\/p>\n\n\n\n<p>Les missions du poste :<\/p>\n\n\n\n<p>Le travailleur social a pour mission d\u2019accueillir, d\u2019informer, de conseiller, d\u2019orienter et d\u2019accompagner les jeunes en recherche de logement. Il \u00e9value et analyse les besoins. Il assure un suivi sp\u00e9cifique pour chaque situation. Il g\u00e8re les difficult\u00e9s et les conflits qui peuvent avoir lieu. Il identifie les partenaires afin d\u2019orienter efficacement les jeunes. Il assure des missions d\u2019Accompagnement Social li\u00e9es au Logement (ASLL).<\/p>\n\n\n\n<p>Les activit\u00e9s principales :<\/p>\n\n\n\n<p>&#8211; Participation aux r\u00e9unions d\u2019\u00e9quipe, aux r\u00e9unions partenariales et \u00e9v\u00e8nements divers. &#8211; Accueil, constitution et suivi des dossiers des jeunes. R\u00e9daction de bilans et de rapports sociaux divers. Reporting sur le logiciel interne (Siloj).<\/p>\n\n\n\n<p>&#8211; Prise en charge d\u2019activit\u00e9s sp\u00e9cifiques \u00e0 la demande et sous l\u2019autorit\u00e9 de la direction.<\/p>\n\n\n\n<p>&#8211; Permanences d\u2019accueil sur les communes de l&rsquo;Ha\u00ff-les-Roses et Gentilly et suivi des jeunes y r\u00e9sidant ou y travaillant.<\/p>\n\n\n\n<p>&#8211; Travail avec les diff\u00e9rents partenaires de la commune (Mission locale, service logement, EDS, CCAS, \u2026). Participation \u00e0 un point ville par trimestre.<\/p>\n\n\n\n<p>&#8211; Accompagnement Social Li\u00e9 au Logement : Prise en charge de mesures d\u2019ASLL ( Logement Relais). Participation \u00e0 la gestion administrative du LRJ (bilan de l\u2019ann\u00e9e, statistiques). Participation \u00e0 des commissions LRJ.<\/p>\n\n\n\n<p>Travailleur social dipl\u00f4m\u00e9, le candidat pr\u00e9sente une bonne aptitude \u00e0 travailler en \u00e9quipe, un esprit d&rsquo;analyse et de synth\u00e8se, la capacit\u00e9 \u00e0 r\u00e9diger des \u00e9crits professionnels, des connaissances dans le domaine de l&rsquo;h\u00e9bergement, de l&rsquo;accompagnement social des publics pr\u00e9caires et\/ou du logement. Une bonne connaissance de l&rsquo;outil informatique et d&rsquo;internet sont un plus pour la candidature.<\/p>\n\n\n\n<p>Avantages :<\/p>\n\n\n\n<p>Participation au transport<\/p>\n\n\n\n<p>Titre-restaurant \/ Panier<\/p>\n\n\n\n<p>R\u00e9mun\u00e9ration :<\/p>\n\n\n\n<p>Jusqu&rsquo;\u00e0 1750\u20ac net par mois et selon exp\u00e9rience.<\/p>\n\n\n\n<p>Type d&#8217;emploi : Temps plein<\/p>\n\n\n\n<p>R\u00e9mun\u00e9ration : Jusqu&rsquo;\u00e0 1\u202f750,00\u20ac par mois<\/p>\n\n\n\n<p>Avantages :<\/p>\n\n\n\n<p>Prise en charge du transport quotidien<\/p>\n\n\n\n<p>Tickets Restaurants<\/p>\n\n\n\n<p>T\u00e9l\u00e9travail Occasionnel<\/p>\n\n\n\n<p>Aide au Logement Possible<\/p>\n\n\n\n<p>Programmation :<\/p>\n\n\n\n<p>P\u00e9riode de travail de 8 Heures<\/p>\n\n\n\n<p>Travail en journ\u00e9e<\/p>\n\n\n\n<p>Formation:<\/p>\n\n\n\n<p>Bac +3 (Licence \/ Bachelor) (Optionnel)<\/p>\n\n\n\n<p>Lieu du poste : En pr\u00e9sentiel<\/p>\n\n\n\n<p>Fermer l&rsquo;aper\u00e7u<\/p>\n\n\n\n<p>Type d&#8217;emploi : Temps plein, CDI<\/p>\n\n\n\n<p>R\u00e9mun\u00e9ration&nbsp;: Jusqu&rsquo;\u00e0 1\u202f750,00\u20ac par mois<\/p>\n\n\n\n<p>Avantages&nbsp;:<\/p>\n\n\n\n<p>Aide au logement<\/p>\n\n\n\n<p>Prise en charge du transport quotidien<\/p>\n\n\n\n<p>Travail \u00e0 domicile occasionnel<\/p>\n\n\n\n<p>Horaires&nbsp;:<\/p>\n\n\n\n<p>Du lundi au vendredi<\/p>\n\n\n\n<p>P\u00e9riode de travail de 8 Heures<\/p>\n\n\n\n<p>Repos le week-end<\/p>\n\n\n\n<p>Travail en journ\u00e9e<\/p>\n\n\n\n<p>Formation:<\/p>\n\n\n\n<p>Bac +3 (Licence \/ Bachelor) (Optionnel)<\/p>\n\n\n\n<p>Lieu du poste : En pr\u00e9sentiel<\/p>\n\n\n\n<p>Date de d\u00e9but pr\u00e9vue&nbsp;: 30\/04\/2025<\/p>\n","protected":false},"excerpt":{"rendered":"<p>Nous recherchons un travailleur social pour rejoindre notre \u00e9quipe: Description du poste Obligatoire&nbsp;: Dipl\u00f4me d\u2019\u00e9tat de travailleur social (DECESF, DEAS, DEES, Moniteur Educateur) Les missions du poste : Le travailleur social a pour mission d\u2019accueillir, d\u2019informer, de conseiller, d\u2019orienter et d\u2019accompagner les jeunes en recherche de logement. Il \u00e9value et analyse les besoins. Il assure &hellip; <\/p>\n<p class=\"link-more\"><a href=\"http:\/\/cllajvdb.fr\/?page_id=203\" class=\"more-link\">Continuer la lecture<span class=\"screen-reader-text\"> de &laquo;&nbsp;Offres d&#8217;emploi&nbsp;&raquo;<\/span><\/a><\/p>\n","protected":false},"author":1,"featured_media":0,"parent":0,"menu_order":8,"comment_status":"closed","ping_status":"closed","template":"","meta":[],"_links":{"self":[{"href":"http:\/\/cllajvdb.fr\/index.php?rest_route=\/wp\/v2\/pages\/203"}],"collection":[{"href":"http:\/\/cllajvdb.fr\/index.php?rest_route=\/wp\/v2\/pages"}],"about":[{"href":"http:\/\/cllajvdb.fr\/index.php?rest_route=\/wp\/v2\/types\/page"}],"author":[{"embeddable":true,"href":"http:\/\/cllajvdb.fr\/index.php?rest_route=\/wp\/v2\/users\/1"}],"replies":[{"embeddable":true,"href":"http:\/\/cllajvdb.fr\/index.php?rest_route=%2Fwp%2Fv2%2Fcomments&post=203"}],"version-history":[{"count":9,"href":"http:\/\/cllajvdb.fr\/index.php?rest_route=\/wp\/v2\/pages\/203\/revisions"}],"predecessor-version":[{"id":425,"href":"http:\/\/cllajvdb.fr\/index.php?rest_route=\/wp\/v2\/pages\/203\/revisions\/425"}],"wp:attachment":[{"href":"http:\/\/cllajvdb.fr\/index.php?rest_route=%2Fwp%2Fv2%2Fmedia&parent=203"}],"curies":[{"name":"wp","href":"https:\/\/api.w.org\/{rel}","templated":true}]}}