{"id":219,"date":"2019-11-20T13:43:17","date_gmt":"2019-11-20T12:43:17","guid":{"rendered":"http:\/\/cllajvdb.fr\/?page_id=219"},"modified":"2025-10-15T11:21:09","modified_gmt":"2025-10-15T09:21:09","slug":"actualites-2","status":"publish","type":"page","link":"http:\/\/cllajvdb.fr\/?page_id=219","title":{"rendered":"Actualit\u00e9s"},"content":{"rendered":"\n<figure class=\"wp-block-image size-large\"><img loading=\"lazy\" width=\"724\" height=\"1024\" src=\"http:\/\/cllajvdb.fr\/wp-content\/uploads\/2025\/10\/Flyer-O2R-CLLAJ-VDB-recto-724x1024.png\" alt=\"\" class=\"wp-image-436\" srcset=\"http:\/\/cllajvdb.fr\/wp-content\/uploads\/2025\/10\/Flyer-O2R-CLLAJ-VDB-recto-724x1024.png 724w, http:\/\/cllajvdb.fr\/wp-content\/uploads\/2025\/10\/Flyer-O2R-CLLAJ-VDB-recto-212x300.png 212w, http:\/\/cllajvdb.fr\/wp-content\/uploads\/2025\/10\/Flyer-O2R-CLLAJ-VDB-recto-768x1086.png 768w, http:\/\/cllajvdb.fr\/wp-content\/uploads\/2025\/10\/Flyer-O2R-CLLAJ-VDB-recto-1086x1536.png 1086w, http:\/\/cllajvdb.fr\/wp-content\/uploads\/2025\/10\/Flyer-O2R-CLLAJ-VDB-recto.png 1414w\" sizes=\"(max-width: 724px) 100vw, 724px\" \/><\/figure>\n\n\n\n<figure class=\"wp-block-image size-large\"><img loading=\"lazy\" width=\"724\" height=\"1024\" src=\"http:\/\/cllajvdb.fr\/wp-content\/uploads\/2025\/06\/Rendez-vous-du-logement-des-jeunes_-002-724x1024.jpg\" alt=\"\" class=\"wp-image-433\" srcset=\"http:\/\/cllajvdb.fr\/wp-content\/uploads\/2025\/06\/Rendez-vous-du-logement-des-jeunes_-002-724x1024.jpg 724w, http:\/\/cllajvdb.fr\/wp-content\/uploads\/2025\/06\/Rendez-vous-du-logement-des-jeunes_-002-212x300.jpg 212w, http:\/\/cllajvdb.fr\/wp-content\/uploads\/2025\/06\/Rendez-vous-du-logement-des-jeunes_-002-768x1086.jpg 768w, http:\/\/cllajvdb.fr\/wp-content\/uploads\/2025\/06\/Rendez-vous-du-logement-des-jeunes_-002-1086x1536.jpg 1086w, http:\/\/cllajvdb.fr\/wp-content\/uploads\/2025\/06\/Rendez-vous-du-logement-des-jeunes_-002-1448x2048.jpg 1448w, http:\/\/cllajvdb.fr\/wp-content\/uploads\/2025\/06\/Rendez-vous-du-logement-des-jeunes_-002.jpg 1654w\" sizes=\"(max-width: 724px) 100vw, 724px\" \/><\/figure>\n\n\n\n<figure class=\"wp-block-image size-large\"><img loading=\"lazy\" width=\"724\" height=\"1024\" src=\"http:\/\/cllajvdb.fr\/wp-content\/uploads\/2025\/05\/Programme-SDLJ-724x1024.png\" alt=\"\" class=\"wp-image-429\" srcset=\"http:\/\/cllajvdb.fr\/wp-content\/uploads\/2025\/05\/Programme-SDLJ-724x1024.png 724w, http:\/\/cllajvdb.fr\/wp-content\/uploads\/2025\/05\/Programme-SDLJ-212x300.png 212w, http:\/\/cllajvdb.fr\/wp-content\/uploads\/2025\/05\/Programme-SDLJ-768x1086.png 768w, http:\/\/cllajvdb.fr\/wp-content\/uploads\/2025\/05\/Programme-SDLJ-1086x1536.png 1086w, http:\/\/cllajvdb.fr\/wp-content\/uploads\/2025\/05\/Programme-SDLJ.png 1414w\" sizes=\"(max-width: 724px) 100vw, 724px\" \/><\/figure>\n\n\n\n<figure class=\"wp-block-image size-large\"><img loading=\"lazy\" width=\"724\" height=\"1024\" src=\"http:\/\/cllajvdb.fr\/wp-content\/uploads\/2025\/03\/Tract-accueil-de-jour-version-2-724x1024.png\" alt=\"\" class=\"wp-image-416\" srcset=\"http:\/\/cllajvdb.fr\/wp-content\/uploads\/2025\/03\/Tract-accueil-de-jour-version-2-724x1024.png 724w, http:\/\/cllajvdb.fr\/wp-content\/uploads\/2025\/03\/Tract-accueil-de-jour-version-2-212x300.png 212w, http:\/\/cllajvdb.fr\/wp-content\/uploads\/2025\/03\/Tract-accueil-de-jour-version-2-768x1086.png 768w, http:\/\/cllajvdb.fr\/wp-content\/uploads\/2025\/03\/Tract-accueil-de-jour-version-2-1086x1536.png 1086w, http:\/\/cllajvdb.fr\/wp-content\/uploads\/2025\/03\/Tract-accueil-de-jour-version-2.png 1414w\" sizes=\"(max-width: 724px) 100vw, 724px\" \/><\/figure>\n\n\n\n<figure class=\"wp-block-image size-large\"><img loading=\"lazy\" width=\"731\" height=\"1024\" src=\"http:\/\/cllajvdb.fr\/wp-content\/uploads\/2025\/03\/SDLJ-25-affiche-web-Uncllaj-731x1024.jpg\" alt=\"\" class=\"wp-image-420\" srcset=\"http:\/\/cllajvdb.fr\/wp-content\/uploads\/2025\/03\/SDLJ-25-affiche-web-Uncllaj-731x1024.jpg 731w, http:\/\/cllajvdb.fr\/wp-content\/uploads\/2025\/03\/SDLJ-25-affiche-web-Uncllaj-214x300.jpg 214w, http:\/\/cllajvdb.fr\/wp-content\/uploads\/2025\/03\/SDLJ-25-affiche-web-Uncllaj-768x1076.jpg 768w, http:\/\/cllajvdb.fr\/wp-content\/uploads\/2025\/03\/SDLJ-25-affiche-web-Uncllaj-1097x1536.jpg 1097w, http:\/\/cllajvdb.fr\/wp-content\/uploads\/2025\/03\/SDLJ-25-affiche-web-Uncllaj-1462x2048.jpg 1462w, http:\/\/cllajvdb.fr\/wp-content\/uploads\/2025\/03\/SDLJ-25-affiche-web-Uncllaj.jpg 1813w\" sizes=\"(max-width: 731px) 100vw, 731px\" \/><\/figure>\n\n\n\n<figure class=\"wp-block-image size-large\"><img loading=\"lazy\" width=\"683\" height=\"1024\" src=\"http:\/\/cllajvdb.fr\/wp-content\/uploads\/2022\/04\/AfficheSDLJ2022web-683x1024.jpg\" alt=\"\" class=\"wp-image-378\" srcset=\"http:\/\/cllajvdb.fr\/wp-content\/uploads\/2022\/04\/AfficheSDLJ2022web-683x1024.jpg 683w, http:\/\/cllajvdb.fr\/wp-content\/uploads\/2022\/04\/AfficheSDLJ2022web-200x300.jpg 200w, http:\/\/cllajvdb.fr\/wp-content\/uploads\/2022\/04\/AfficheSDLJ2022web-768x1152.jpg 768w, http:\/\/cllajvdb.fr\/wp-content\/uploads\/2022\/04\/AfficheSDLJ2022web-1024x1536.jpg 1024w, http:\/\/cllajvdb.fr\/wp-content\/uploads\/2022\/04\/AfficheSDLJ2022web-1365x2048.jpg 1365w, http:\/\/cllajvdb.fr\/wp-content\/uploads\/2022\/04\/AfficheSDLJ2022web.jpg 1672w\" sizes=\"(max-width: 683px) 100vw, 683px\" \/><\/figure>\n\n\n\n<figure class=\"wp-block-image size-large\"><img loading=\"lazy\" width=\"731\" height=\"1024\" src=\"http:\/\/cllajvdb.fr\/wp-content\/uploads\/2025\/03\/SDLJ-25-affiche-web-Uncllaj-731x1024.jpg\" alt=\"\" class=\"wp-image-420\" srcset=\"http:\/\/cllajvdb.fr\/wp-content\/uploads\/2025\/03\/SDLJ-25-affiche-web-Uncllaj-731x1024.jpg 731w, http:\/\/cllajvdb.fr\/wp-content\/uploads\/2025\/03\/SDLJ-25-affiche-web-Uncllaj-214x300.jpg 214w, http:\/\/cllajvdb.fr\/wp-content\/uploads\/2025\/03\/SDLJ-25-affiche-web-Uncllaj-768x1076.jpg 768w, http:\/\/cllajvdb.fr\/wp-content\/uploads\/2025\/03\/SDLJ-25-affiche-web-Uncllaj-1097x1536.jpg 1097w, http:\/\/cllajvdb.fr\/wp-content\/uploads\/2025\/03\/SDLJ-25-affiche-web-Uncllaj-1462x2048.jpg 1462w, http:\/\/cllajvdb.fr\/wp-content\/uploads\/2025\/03\/SDLJ-25-affiche-web-Uncllaj.jpg 1813w\" sizes=\"(max-width: 731px) 100vw, 731px\" \/><\/figure>\n\n\n\n<figure class=\"wp-block-image size-full\"><img loading=\"lazy\" width=\"940\" height=\"788\" src=\"http:\/\/cllajvdb.fr\/wp-content\/uploads\/2022\/01\/bonne-annee.png\" alt=\"\" class=\"wp-image-356\" srcset=\"http:\/\/cllajvdb.fr\/wp-content\/uploads\/2022\/01\/bonne-annee.png 940w, http:\/\/cllajvdb.fr\/wp-content\/uploads\/2022\/01\/bonne-annee-300x251.png 300w, http:\/\/cllajvdb.fr\/wp-content\/uploads\/2022\/01\/bonne-annee-768x644.png 768w\" sizes=\"(max-width: 767px) 89vw, (max-width: 1000px) 54vw, (max-width: 1071px) 543px, 580px\" \/><\/figure>\n\n\n\n<p><\/p>\n\n\n\n<p><\/p>\n\n\n\n<p><\/p>\n\n\n\n<p><\/p>\n\n\n\n<p>JANVIER 2022<\/p>\n\n\n\n<p><\/p>\n\n\n\n<p><\/p>\n\n\n\n<p><strong>Tu as besoin d\u2019un parcours num\u00e9rique afin d\u2019acqu\u00e9rir des bases informatiques ?<\/strong><\/p>\n\n\n\n<p><strong>Tu as entre 18-30 ans et tu as un lien avec les communes du Val-de-Bi\u00e8vre (Arcueil, Cachan, Fresnes, L\u2019Hay-les-Roses, Gentilly, Kremlin-Bic\u00eatre, Villejuif)?<\/strong><\/p>\n\n\n\n<p><strong>Le CLLAJ et la mairie de Cachan proposent un pass num\u00e9rique valable dans les centres sociaux et l\u2019espace num\u00e9rique du CLLAJ.<\/strong><\/p>\n\n\n\n<p><strong>Pour plus d\u2019informations prendre contact avec nous au 01 45 46 51 39 ou accueil@cllajvdb.fr<\/strong><\/p>\n\n\n\n<figure class=\"wp-block-image\"><img src=\"http:\/\/cllajvdb.fr\/wp-content\/uploads\/2022\/01\/photo-pas-numerique-002-699x1024.jpg\" alt=\"\"\/><\/figure>\n\n\n\n<figure class=\"wp-block-image size-large\"><img loading=\"lazy\" width=\"1024\" height=\"494\" src=\"http:\/\/cllajvdb.fr\/wp-content\/uploads\/2022\/01\/tickets-espace-numerique-2-1-1024x494.jpg\" alt=\"\" class=\"wp-image-352\" srcset=\"http:\/\/cllajvdb.fr\/wp-content\/uploads\/2022\/01\/tickets-espace-numerique-2-1-1024x494.jpg 1024w, http:\/\/cllajvdb.fr\/wp-content\/uploads\/2022\/01\/tickets-espace-numerique-2-1-300x145.jpg 300w, http:\/\/cllajvdb.fr\/wp-content\/uploads\/2022\/01\/tickets-espace-numerique-2-1-768x371.jpg 768w, http:\/\/cllajvdb.fr\/wp-content\/uploads\/2022\/01\/tickets-espace-numerique-2-1-1536x741.jpg 1536w, http:\/\/cllajvdb.fr\/wp-content\/uploads\/2022\/01\/tickets-espace-numerique-2-1.jpg 1879w\" sizes=\"(max-width: 767px) 89vw, (max-width: 1000px) 54vw, (max-width: 1071px) 543px, 580px\" \/><\/figure>\n\n\n\n<p><\/p>\n\n\n\n<p>DECEMBRE 2021<\/p>\n\n\n\n<p>Le Jeudi 16 d\u00e9cembre le CLLAJ a organis\u00e9 sa distribution annuelle de colis de Noel en faveur des jeunes. &nbsp;<\/p>\n\n\n\n<p>C\u2019est dans une ambiance joyeuse et conviviale qu&rsquo;une vingtaine de colis a \u00e9t\u00e9 distribu\u00e9e. Compos\u00e9s de mets et de friandises, ces colis ont un peu am\u00e9lior\u00e9 le quotidien de nos jeunes en ces f\u00eates de fin d\u2019ann\u00e9e.<\/p>\n\n\n\n<p>L\u2019initiative men\u00e9e par l\u2019\u00e9quipe du CLLAJ \u00e0 \u00e9t\u00e9 accompagn\u00e9e par la pr\u00e9sence et l\u2019implication de Yvette GOMIS, b\u00e9n\u00e9vole de l\u2019association.<\/p>\n\n\n\n<p>Le CLLAJ remercie <em>EMMAUS SOLIDARITE<\/em> pour la distribution des aliments ainsi que la radio <em>FRANCE MAGHREB 2<\/em> pour le don de sacs qui ont servis de colis.<\/p>\n\n\n\n<figure class=\"wp-block-image size-large\"><img loading=\"lazy\" width=\"768\" height=\"1024\" src=\"http:\/\/cllajvdb.fr\/wp-content\/uploads\/2022\/01\/20211216_143950-768x1024.jpg\" alt=\"\" class=\"wp-image-339\" srcset=\"http:\/\/cllajvdb.fr\/wp-content\/uploads\/2022\/01\/20211216_143950-768x1024.jpg 768w, http:\/\/cllajvdb.fr\/wp-content\/uploads\/2022\/01\/20211216_143950-225x300.jpg 225w, http:\/\/cllajvdb.fr\/wp-content\/uploads\/2022\/01\/20211216_143950-1152x1536.jpg 1152w, http:\/\/cllajvdb.fr\/wp-content\/uploads\/2022\/01\/20211216_143950-1536x2048.jpg 1536w, http:\/\/cllajvdb.fr\/wp-content\/uploads\/2022\/01\/20211216_143950-scaled.jpg 1920w\" sizes=\"(max-width: 767px) 89vw, (max-width: 1000px) 54vw, (max-width: 1071px) 543px, 580px\" \/><\/figure>\n\n\n\n<figure class=\"wp-block-image size-large\"><img loading=\"lazy\" width=\"768\" height=\"1024\" src=\"http:\/\/cllajvdb.fr\/wp-content\/uploads\/2022\/01\/20211216_144005-768x1024.jpg\" alt=\"\" class=\"wp-image-340\" srcset=\"http:\/\/cllajvdb.fr\/wp-content\/uploads\/2022\/01\/20211216_144005-768x1024.jpg 768w, http:\/\/cllajvdb.fr\/wp-content\/uploads\/2022\/01\/20211216_144005-225x300.jpg 225w, http:\/\/cllajvdb.fr\/wp-content\/uploads\/2022\/01\/20211216_144005-1152x1536.jpg 1152w, http:\/\/cllajvdb.fr\/wp-content\/uploads\/2022\/01\/20211216_144005-1536x2048.jpg 1536w, http:\/\/cllajvdb.fr\/wp-content\/uploads\/2022\/01\/20211216_144005-scaled.jpg 1920w\" sizes=\"(max-width: 767px) 89vw, (max-width: 1000px) 54vw, (max-width: 1071px) 543px, 580px\" \/><\/figure>\n\n\n\n<figure class=\"wp-block-image size-large\"><img loading=\"lazy\" width=\"768\" height=\"1024\" src=\"http:\/\/cllajvdb.fr\/wp-content\/uploads\/2022\/01\/20211216_163116-768x1024.jpg\" alt=\"\" class=\"wp-image-341\" srcset=\"http:\/\/cllajvdb.fr\/wp-content\/uploads\/2022\/01\/20211216_163116-768x1024.jpg 768w, http:\/\/cllajvdb.fr\/wp-content\/uploads\/2022\/01\/20211216_163116-225x300.jpg 225w, http:\/\/cllajvdb.fr\/wp-content\/uploads\/2022\/01\/20211216_163116-1152x1536.jpg 1152w, http:\/\/cllajvdb.fr\/wp-content\/uploads\/2022\/01\/20211216_163116-1536x2048.jpg 1536w, http:\/\/cllajvdb.fr\/wp-content\/uploads\/2022\/01\/20211216_163116-scaled.jpg 1920w\" sizes=\"(max-width: 767px) 89vw, (max-width: 1000px) 54vw, (max-width: 1071px) 543px, 580px\" \/><\/figure>\n\n\n\n<figure class=\"wp-block-image size-large\"><img loading=\"lazy\" width=\"768\" height=\"1024\" src=\"http:\/\/cllajvdb.fr\/wp-content\/uploads\/2022\/01\/20211216_182247-768x1024.jpg\" alt=\"\" class=\"wp-image-342\" srcset=\"http:\/\/cllajvdb.fr\/wp-content\/uploads\/2022\/01\/20211216_182247-768x1024.jpg 768w, http:\/\/cllajvdb.fr\/wp-content\/uploads\/2022\/01\/20211216_182247-225x300.jpg 225w, http:\/\/cllajvdb.fr\/wp-content\/uploads\/2022\/01\/20211216_182247-1152x1536.jpg 1152w, http:\/\/cllajvdb.fr\/wp-content\/uploads\/2022\/01\/20211216_182247-1536x2048.jpg 1536w, http:\/\/cllajvdb.fr\/wp-content\/uploads\/2022\/01\/20211216_182247-scaled.jpg 1920w\" sizes=\"(max-width: 767px) 89vw, (max-width: 1000px) 54vw, (max-width: 1071px) 543px, 580px\" \/><\/figure>\n\n\n\n<figure class=\"wp-block-image size-large\"><img loading=\"lazy\" width=\"768\" height=\"1024\" src=\"http:\/\/cllajvdb.fr\/wp-content\/uploads\/2022\/01\/IMG-20211216-WA0001-768x1024.jpg\" alt=\"\" class=\"wp-image-343\" srcset=\"http:\/\/cllajvdb.fr\/wp-content\/uploads\/2022\/01\/IMG-20211216-WA0001-768x1024.jpg 768w, http:\/\/cllajvdb.fr\/wp-content\/uploads\/2022\/01\/IMG-20211216-WA0001-225x300.jpg 225w, http:\/\/cllajvdb.fr\/wp-content\/uploads\/2022\/01\/IMG-20211216-WA0001-1152x1536.jpg 1152w, http:\/\/cllajvdb.fr\/wp-content\/uploads\/2022\/01\/IMG-20211216-WA0001.jpg 1200w\" sizes=\"(max-width: 767px) 89vw, (max-width: 1000px) 54vw, (max-width: 1071px) 543px, 580px\" \/><\/figure>\n\n\n\n<p>NOVEMBRE 2021<\/p>\n\n\n\n<p class=\"has-text-align-left\">\u00ab\u00a0<strong>Ils \u00e9taient une vingtaine dont 10 jeunes mobilis\u00e9s par le CLLAJ VAL DE BIEVRE, \u00e0 avoir r\u00e9pondu \u00e0 l\u2019appel d\u2019EMMAUS SOLIDARITE pour le d\u00e9but de la campagne alimentaire nationale de la BANQUE ALIMENTAIRE. Des jeunes de 18-30 ans suivis par le CLLAJ, en r\u00e9sidence logement relais jeunes ou accompagn\u00e9s par l\u2019accueil de jour se sont mobilis\u00e9 ce samedi 27 novembre \u00e0 AUCHAN OKABE du KREMLIN BICETRE. Au programme: distribution de tracts, rangement des denr\u00e9es par cat\u00e9gorie, et bonne humeur ! Cette action de solidarit\u00e9 et d\u2019appel \u00e0 la g\u00e9n\u00e9rosit\u00e9 \u00e0 \u00e9t\u00e9 initi\u00e9e par le CLLAJ gr\u00e2ce \u00e0 Yvette GOMIS, b\u00e9n\u00e9vole au CLLAJ depuis septembre qui a donn\u00e9 de son temps pour apporter son aide au jeunes en difficult\u00e9s accompagn\u00e9s par le CLLAJ. Pour rappel, le CLLAJ VAL DE BIEVRE apporte une aide alimentaire sous forme de colis distribu\u00e9s aux jeunes de moins de 30 ans qui rencontrent des difficult\u00e9s \u00e0 s\u2019alimenter correctement.<\/strong>\u00ab\u00a0<\/p>\n\n\n\n<figure class=\"wp-block-image size-large\"><img loading=\"lazy\" width=\"768\" height=\"1024\" src=\"http:\/\/cllajvdb.fr\/wp-content\/uploads\/2021\/12\/20211127_091955-768x1024.jpg\" alt=\"\" class=\"wp-image-329\" srcset=\"http:\/\/cllajvdb.fr\/wp-content\/uploads\/2021\/12\/20211127_091955-768x1024.jpg 768w, http:\/\/cllajvdb.fr\/wp-content\/uploads\/2021\/12\/20211127_091955-225x300.jpg 225w, http:\/\/cllajvdb.fr\/wp-content\/uploads\/2021\/12\/20211127_091955-1152x1536.jpg 1152w, http:\/\/cllajvdb.fr\/wp-content\/uploads\/2021\/12\/20211127_091955-1536x2048.jpg 1536w, http:\/\/cllajvdb.fr\/wp-content\/uploads\/2021\/12\/20211127_091955-scaled.jpg 1920w\" sizes=\"(max-width: 767px) 89vw, (max-width: 1000px) 54vw, (max-width: 1071px) 543px, 580px\" \/><\/figure>\n\n\n\n<figure class=\"wp-block-video\"><video autoplay src=\"http:\/\/cllajvdb.fr\/wp-content\/uploads\/2021\/11\/Clip-STOP-MOTION_CACHAN_2-FACEBOOK.mp4\" playsinline><\/video><\/figure>\n\n\n\n<figure class=\"wp-block-image size-large\"><img loading=\"lazy\" width=\"724\" height=\"1024\" src=\"http:\/\/cllajvdb.fr\/wp-content\/uploads\/2021\/06\/image-724x1024.png\" alt=\"\" class=\"wp-image-308\" srcset=\"http:\/\/cllajvdb.fr\/wp-content\/uploads\/2021\/06\/image-724x1024.png 724w, http:\/\/cllajvdb.fr\/wp-content\/uploads\/2021\/06\/image-212x300.png 212w, http:\/\/cllajvdb.fr\/wp-content\/uploads\/2021\/06\/image-768x1087.png 768w, http:\/\/cllajvdb.fr\/wp-content\/uploads\/2021\/06\/image-1086x1536.png 1086w, http:\/\/cllajvdb.fr\/wp-content\/uploads\/2021\/06\/image.png 1326w\" sizes=\"(max-width: 724px) 100vw, 724px\" \/><\/figure>\n\n\n\n<p><\/p>\n\n\n\n<figure class=\"wp-block-image size-large\"><img loading=\"lazy\" width=\"683\" height=\"1024\" src=\"http:\/\/cllajvdb.fr\/wp-content\/uploads\/2021\/05\/AfficheSDLJ_2021-1-683x1024.jpg\" alt=\"\" class=\"wp-image-286\" srcset=\"http:\/\/cllajvdb.fr\/wp-content\/uploads\/2021\/05\/AfficheSDLJ_2021-1-683x1024.jpg 683w, http:\/\/cllajvdb.fr\/wp-content\/uploads\/2021\/05\/AfficheSDLJ_2021-1-200x300.jpg 200w, http:\/\/cllajvdb.fr\/wp-content\/uploads\/2021\/05\/AfficheSDLJ_2021-1-768x1152.jpg 768w, http:\/\/cllajvdb.fr\/wp-content\/uploads\/2021\/05\/AfficheSDLJ_2021-1-1024x1536.jpg 1024w, http:\/\/cllajvdb.fr\/wp-content\/uploads\/2021\/05\/AfficheSDLJ_2021-1-scaled.jpg 1706w\" sizes=\"(max-width: 683px) 100vw, 683px\" \/><\/figure>\n\n\n\n<p><\/p>\n\n\n\n<figure class=\"wp-block-image size-large\"><img loading=\"lazy\" width=\"724\" height=\"1024\" src=\"http:\/\/cllajvdb.fr\/wp-content\/uploads\/2025\/05\/Programme-SDLJ-724x1024.png\" alt=\"\" class=\"wp-image-429\" srcset=\"http:\/\/cllajvdb.fr\/wp-content\/uploads\/2025\/05\/Programme-SDLJ-724x1024.png 724w, http:\/\/cllajvdb.fr\/wp-content\/uploads\/2025\/05\/Programme-SDLJ-212x300.png 212w, http:\/\/cllajvdb.fr\/wp-content\/uploads\/2025\/05\/Programme-SDLJ-768x1086.png 768w, http:\/\/cllajvdb.fr\/wp-content\/uploads\/2025\/05\/Programme-SDLJ-1086x1536.png 1086w, http:\/\/cllajvdb.fr\/wp-content\/uploads\/2025\/05\/Programme-SDLJ.png 1414w\" sizes=\"(max-width: 724px) 100vw, 724px\" \/><\/figure>\n\n\n\n<figure class=\"wp-block-image\"><img alt=\"\"\/><\/figure>\n\n\n\n<figure class=\"wp-block-image\"><img alt=\"\"\/><\/figure>\n","protected":false},"excerpt":{"rendered":"<p>JANVIER 2022 Tu as besoin d\u2019un parcours num\u00e9rique afin d\u2019acqu\u00e9rir des bases informatiques ? Tu as entre 18-30 ans et tu as un lien avec les communes du Val-de-Bi\u00e8vre (Arcueil, Cachan, Fresnes, L\u2019Hay-les-Roses, Gentilly, Kremlin-Bic\u00eatre, Villejuif)? Le CLLAJ et la mairie de Cachan proposent un pass num\u00e9rique valable dans les centres sociaux et l\u2019espace num\u00e9rique &hellip; <\/p>\n<p class=\"link-more\"><a href=\"http:\/\/cllajvdb.fr\/?page_id=219\" class=\"more-link\">Continuer la lecture<span class=\"screen-reader-text\"> de &laquo;&nbsp;Actualit\u00e9s&nbsp;&raquo;<\/span><\/a><\/p>\n","protected":false},"author":1,"featured_media":0,"parent":0,"menu_order":0,"comment_status":"closed","ping_status":"closed","template":"","meta":[],"_links":{"self":[{"href":"http:\/\/cllajvdb.fr\/index.php?rest_route=\/wp\/v2\/pages\/219"}],"collection":[{"href":"http:\/\/cllajvdb.fr\/index.php?rest_route=\/wp\/v2\/pages"}],"about":[{"href":"http:\/\/cllajvdb.fr\/index.php?rest_route=\/wp\/v2\/types\/page"}],"author":[{"embeddable":true,"href":"http:\/\/cllajvdb.fr\/index.php?rest_route=\/wp\/v2\/users\/1"}],"replies":[{"embeddable":true,"href":"http:\/\/cllajvdb.fr\/index.php?rest_route=%2Fwp%2Fv2%2Fcomments&post=219"}],"version-history":[{"count":38,"href":"http:\/\/cllajvdb.fr\/index.php?rest_route=\/wp\/v2\/pages\/219\/revisions"}],"predecessor-version":[{"id":438,"href":"http:\/\/cllajvdb.fr\/index.php?rest_route=\/wp\/v2\/pages\/219\/revisions\/438"}],"wp:attachment":[{"href":"http:\/\/cllajvdb.fr\/index.php?rest_route=%2Fwp%2Fv2%2Fmedia&parent=219"}],"curies":[{"name":"wp","href":"https:\/\/api.w.org\/{rel}","templated":true}]}}