{"id":39,"date":"2017-04-12T20:17:46","date_gmt":"2017-04-12T18:17:46","guid":{"rendered":"http:\/\/cllajvdb.fr\/?page_id=39"},"modified":"2022-01-07T11:44:00","modified_gmt":"2022-01-07T10:44:00","slug":"infos-pratiques","status":"publish","type":"page","link":"http:\/\/cllajvdb.fr\/?page_id=39","title":{"rendered":"Infos pratiques"},"content":{"rendered":"<div><img loading=\"lazy\" class=\"alignnone size-full wp-image-41\" src=\"http:\/\/cllajvdb.fr\/wp-content\/uploads\/2017\/04\/entete_3.jpg\" alt=\"\" width=\"550\" height=\"200\" srcset=\"http:\/\/cllajvdb.fr\/wp-content\/uploads\/2017\/04\/entete_3.jpg 550w, http:\/\/cllajvdb.fr\/wp-content\/uploads\/2017\/04\/entete_3-300x109.jpg 300w\" sizes=\"(max-width: 550px) 100vw, 550px\" \/><\/div>\n<div>&nbsp;<\/div>\n<div>L&rsquo;union Nationale des CLLAJ met \u00e0 votre disposition ce guide du logement:<\/div>\n<div>&nbsp;<\/div>\n<div><a href=\"http:\/\/cllajvdb.fr\/wp-content\/uploads\/2021\/05\/GUIDE-DU-LOGEMENT-1.pdf\">GUIDE DU LOGEMENT<\/a><\/div>\n<div>&nbsp;<\/div>\n<h4><strong>La recherche de logement : <\/strong><\/h4>\n<div>&nbsp;<\/div>\n<ul>\n<li>\n<h4><strong><em>Dans le secteur HLM (Habitations \u00e0 Loyer Mod\u00e9r\u00e9) dit parc social ou logement social<\/em><\/strong><\/h4>\n<\/li>\n<\/ul>\n<p>&#8211; Ce sont des logements dont les loyers sont conventionn\u00e9s et lou\u00e9s par des bailleurs sociaux.<br \/>\nCes logements sont r\u00e9serv\u00e9s par divers r\u00e9servataires tels que les Mairies, la Pr\u00e9fecture, Action Logement (anciennement 1% logement)&#8230;<\/p>\n<p>Les d\u00e9lais d\u2019obtentions peuvent \u00eatre longs.<\/p>\n<p>Vous pouvez notamment d\u00e9poser une demande de logement social aupr\u00e8s de la Mairie de la commune o\u00f9 vous r\u00e9sidez ou dans laquelle vous travaillez (ou autre ville de votre choix). <strong><br \/>\n<\/strong><\/p>\n<p>Vous pouvez \u00e9galement faire une demande de logement social par internet: https:\/\/www.demande-logement-social.gouv.fr<\/p>\n<p>Les demandes de logement HLM sont valables durant 1 an \u00e0 compter de l&rsquo;enregistrement.<br \/>\nIl convient donc que vous renouveliez votre demande chaque ann\u00e9e afin qu&rsquo;elle reste valide.<\/p>\n<p>Vous pouvez d\u00e9poser une demande aupr\u00e8s de votre employeur si vous travaillez dans une entreprise priv\u00e9e, de plus de 20 salari\u00e9s.<\/p>\n<p>Ces entreprises doivent verser une cotisation \u00e0 Action Logement dont la mission principale est d&rsquo;accompagner les salari\u00e9s dans leur mobilit\u00e9 r\u00e9sidentielle et professionnelle, par des services et des aides financi\u00e8res qui facilitent l\u2019acc\u00e8s au logement et donc \u00e0 l\u2019emploi.<\/p>\n<p>.Votre employeur a peut \u00eatre des droits de r\u00e9servation dans le parc social.<\/p>\n<p>Les conditions varient selon les entreprises (locatif, achat, anciennet\u00e9&#8230;), il est pr\u00e9f\u00e9rable de se renseigner directement aupr\u00e8s du service du personnel ou du comit\u00e9 d&rsquo;entreprise.<\/p>\n<div>\n<p><strong>Dispositifs d&rsquo;Aide <a href=\"https:\/\/www.actionlogement.fr\">Action Logement<\/a>:<\/strong><\/p>\n<p><strong>Aide \u00e0 la Mobilit\u00e9:<\/strong><\/p>\n<p><a href=\"https:\/\/www.actionlogement.fr\/aide-mobilite\">https:\/\/www.actionlogement.fr\/aide-mobilite<\/a><\/p>\n<div><strong>Dispositif VISALE:<\/strong><\/div>\n<div>&nbsp;<\/div>\n<div><a href=\"https:\/\/www.visale.fr\">https:\/\/www.visale.fr<\/a><\/div>\n<div>&nbsp;<\/div>\n<\/div>\n<div>&nbsp;<\/div>\n<ul>\n<li>\n<h4><em><strong>Dans le secteur priv\u00e9<\/strong><\/em><\/h4>\n<\/li>\n<\/ul>\n<p>&#8211; Ce sont des logements lou\u00e9s par des propri\u00e9taires ou des soci\u00e9t\u00e9s.<br \/>\nVous pouvez consulter les offres directement sur internet, les journaux gratuits ou sp\u00e9cialis\u00e9s, dans les agences immobili\u00e8res, par bouche \u00e0 oreille,\u2026&nbsp; &nbsp; &nbsp; &nbsp; &nbsp; &nbsp; &nbsp; &nbsp; &nbsp; &nbsp; &nbsp; &nbsp; &nbsp; &nbsp; &nbsp; &nbsp; &nbsp; &nbsp; &nbsp; &nbsp; &nbsp; &nbsp; &nbsp; &nbsp; &nbsp; &nbsp; Attention toutefois aux marchands de liste qui contrairement aux agences immobili\u00e8res classiques vous demandent de payer une somme comprise entre 150 et 250 \u20ac sans avoir visit\u00e9 de logement. Une fois cette somme pay\u00e9e, vous n\u2019avez aucune assurance de trouver une offre adapt\u00e9e \u00e0 votre situation. Bien souvent, on vous propose des logements trop chers ou avec des garanties \u00e9lev\u00e9es.<\/p>\n<p><strong>Adresses utiles : <\/strong><\/p>\n<ul>\n<li><strong><em>Informations sur le logement : <\/em><\/strong><\/li>\n<\/ul>\n<p>&#8211; <strong>ADIL du Val de Marne <\/strong>(Agence D\u00e9partementale de l&rsquo;Information sur le Logement)<br \/>\n48 Av. Pierre Brossolette<br \/>\n94000 Cr\u00e9teil<br \/>\nT\u00e9l. : 0820 16 94 94<br \/>\n<a href=\"http:\/\/www.adil94.org\/\" rel=\"nofollow\">http:\/\/www.adil94.org\/<\/a><\/p>\n<ul>\n<li><em><strong>Informations sur les prestations familiales ou aides aux logements : <\/strong><\/em><\/li>\n<\/ul>\n<p><strong>&#8211; CAF du Val de Marne <\/strong>(Caisse d&rsquo;Allocations Familiales)<br \/>\n2 Voie F\u00e9lix Ebou\u00e9<br \/>\n94048 Cr\u00e9teil Cedex<br \/>\nT\u00e9l. : 0820 25 94 10<br \/>\n<a href=\"http:\/\/www.caf.fr\/\" rel=\"nofollow\">http:\/\/www.caf.fr<\/a><\/p>\n<p><em><strong>Aides financi\u00e8res lors de l&rsquo;acc\u00e8s \u00e0 un logement : <\/strong><\/em><\/p>\n<ul>\n<li>Le <strong>Fonds de Solidarit\u00e9 Habitat <\/strong>est un dispositif proposant des aides financi\u00e8res (acc\u00e8s et maintien) et des mesures d\u2019accompagnement social li\u00e9 au logement. Le dossier peut \u00eatre instruit avec le soutien d\u2019une assistante sociale ou d\u2019un travailleur social et l&rsquo;octroi de l&rsquo;aide d\u00e9pend de vos ressources.<\/li>\n<\/ul>\n<div><strong>Conseil D\u00e9partemental<\/strong><\/div>\n<div><strong>FSH <\/strong><\/div>\n<p>H\u00f4tel du d\u00e9partement<br \/>\n94000 Cr\u00e9teil<\/p>\n<p><a href=\"https:\/\/www.valdemarne.fr\">https:\/\/www.valdemarne.fr<\/a><\/p>\n<div>&nbsp;<\/div>\n","protected":false},"excerpt":{"rendered":"<p>&nbsp; L&rsquo;union Nationale des CLLAJ met \u00e0 votre disposition ce guide du logement: &nbsp; GUIDE DU LOGEMENT &nbsp; La recherche de logement : &nbsp; Dans le secteur HLM (Habitations \u00e0 Loyer Mod\u00e9r\u00e9) dit parc social ou logement social &#8211; Ce sont des logements dont les loyers sont conventionn\u00e9s et lou\u00e9s par des bailleurs sociaux. Ces &hellip; <\/p>\n<p class=\"link-more\"><a href=\"http:\/\/cllajvdb.fr\/?page_id=39\" class=\"more-link\">Continuer la lecture<span class=\"screen-reader-text\"> de &laquo;&nbsp;Infos pratiques&nbsp;&raquo;<\/span><\/a><\/p>\n","protected":false},"author":1,"featured_media":0,"parent":0,"menu_order":0,"comment_status":"closed","ping_status":"closed","template":"","meta":[],"_links":{"self":[{"href":"http:\/\/cllajvdb.fr\/index.php?rest_route=\/wp\/v2\/pages\/39"}],"collection":[{"href":"http:\/\/cllajvdb.fr\/index.php?rest_route=\/wp\/v2\/pages"}],"about":[{"href":"http:\/\/cllajvdb.fr\/index.php?rest_route=\/wp\/v2\/types\/page"}],"author":[{"embeddable":true,"href":"http:\/\/cllajvdb.fr\/index.php?rest_route=\/wp\/v2\/users\/1"}],"replies":[{"embeddable":true,"href":"http:\/\/cllajvdb.fr\/index.php?rest_route=%2Fwp%2Fv2%2Fcomments&post=39"}],"version-history":[{"count":16,"href":"http:\/\/cllajvdb.fr\/index.php?rest_route=\/wp\/v2\/pages\/39\/revisions"}],"predecessor-version":[{"id":351,"href":"http:\/\/cllajvdb.fr\/index.php?rest_route=\/wp\/v2\/pages\/39\/revisions\/351"}],"wp:attachment":[{"href":"http:\/\/cllajvdb.fr\/index.php?rest_route=%2Fwp%2Fv2%2Fmedia&parent=39"}],"curies":[{"name":"wp","href":"https:\/\/api.w.org\/{rel}","templated":true}]}}