{"id":48,"date":"2017-04-12T20:26:33","date_gmt":"2017-04-12T18:26:33","guid":{"rendered":"http:\/\/cllajvdb.fr\/?page_id=48"},"modified":"2025-04-01T13:10:10","modified_gmt":"2025-04-01T11:10:10","slug":"contact","status":"publish","type":"page","link":"http:\/\/cllajvdb.fr\/?page_id=48","title":{"rendered":"Contact"},"content":{"rendered":"<p><img loading=\"lazy\" class=\"alignnone size-full wp-image-50\" src=\"http:\/\/cllajvdb.fr\/wp-content\/uploads\/2017\/04\/entete_5.jpg\" alt=\"\" width=\"550\" height=\"200\" srcset=\"http:\/\/cllajvdb.fr\/wp-content\/uploads\/2017\/04\/entete_5.jpg 550w, http:\/\/cllajvdb.fr\/wp-content\/uploads\/2017\/04\/entete_5-300x109.jpg 300w\" sizes=\"(max-width: 550px) 100vw, 550px\" \/><\/p>\n<p><strong>CLLAJ Val de Bi\u00e8vre<\/strong><br>\n6-12 Avenue du Pr\u00e9sident Wilson<br>\nArri\u00e8re du b\u00e2timent B<br>\n94230 Cachan<\/p>\n<p><span style=\"font-size: inherit;\">Pour toute demande, merci de joindre directement le 01 45 46 51 39 ou d&rsquo;\u00e9crire sur l&rsquo;adresse email: accueil@cllajvdb.fr<\/span><\/p>\n<p><strong>Horaires d&rsquo;ouverture au public:<\/strong><\/p>\n<div><span style=\"font-size: small;\">Lundi :&nbsp;&nbsp;&nbsp;&nbsp;&nbsp;&nbsp;&nbsp;&nbsp;&nbsp;&nbsp;&nbsp;&nbsp;&nbsp;&nbsp;&nbsp;Ferm\u00e9&nbsp;&nbsp;&nbsp;&nbsp;&nbsp;&nbsp;&nbsp;&nbsp;&nbsp;&nbsp;&nbsp;&nbsp;&nbsp;&nbsp;13h30\/17h00&nbsp;<\/span><\/div>\n<div><span style=\"font-size: small;\">Mardi :&nbsp;&nbsp;&nbsp;&nbsp;&nbsp;&nbsp;&nbsp; &nbsp; &nbsp; 9h30\/12h30 &#8211; 13h30\/18h00<\/span><\/div>\n<div><span style=\"font-size: small;\">Mercredi :&nbsp;&nbsp;&nbsp; &nbsp;9h30\/12h30&nbsp; &#8211; 13h30\/17h00<\/span><\/div>\n<div><span style=\"font-size: small;\">Jeudi :&nbsp;&nbsp;&nbsp;&nbsp;&nbsp;&nbsp;&nbsp;&nbsp;&nbsp;&nbsp;&nbsp;&nbsp;&nbsp; 9h30\/12h30 &#8211; 13h30\/19h00<\/span><\/div>\n<div><span style=\"font-size: small;\">Vendredi :&nbsp;&nbsp;&nbsp;&nbsp;&nbsp; 9h30\/12h30 &#8211; 13h30\/16h30<\/span><\/div>\n<div><\/div>\n<div><\/div>\n<p><iframe loading=\"lazy\" style=\"border: 0px currentColor;\" src=\"https:\/\/www.google.com\/maps\/embed?pb=!1m18!1m12!1m3!1d3125.439354220066!2d2.3287667564827323!3d48.79771970073658!2m3!1f0!2f0!3f0!3m2!1i1024!2i768!4f13.1!3m3!1m2!1s0x47e6713d7cc7c0f7%3A0xa6a2f217a569df1f!2sC.L.L.A.J+Comit%C3%A9+Local+Pour+Logement+Autonome+des+Jeunes!5e0!3m2!1sfr!2sfr!4v1492022587577\" width=\"600\" height=\"450\" frameborder=\"0\" allowfullscreen=\"allowfullscreen\"><\/iframe><\/p>\n\n\n<p>Vous pouvez \u00e9galement prendre rendez-vous en ligne:<\/p>\n\n\n\n<p><a href=\"https:\/\/www.projet-toit.fr\/\">Projet\u2019Toit : l\u2019Information Logement pour les Jeunes de 16 \u00e0 30 ans<\/a><\/p>\n\n\n\n<div class=\"wp-block-media-text alignwide is-stacked-on-mobile\"><figure class=\"wp-block-media-text__media\"><img loading=\"lazy\" width=\"1024\" height=\"403\" src=\"http:\/\/cllajvdb.fr\/wp-content\/uploads\/2025\/03\/LOGO-PROJETTOIT-rappr-fond-blanc-1-1024x403.png\" alt=\"\" class=\"wp-image-411 size-full\" srcset=\"http:\/\/cllajvdb.fr\/wp-content\/uploads\/2025\/03\/LOGO-PROJETTOIT-rappr-fond-blanc-1-1024x403.png 1024w, http:\/\/cllajvdb.fr\/wp-content\/uploads\/2025\/03\/LOGO-PROJETTOIT-rappr-fond-blanc-1-300x118.png 300w, http:\/\/cllajvdb.fr\/wp-content\/uploads\/2025\/03\/LOGO-PROJETTOIT-rappr-fond-blanc-1-768x303.png 768w, http:\/\/cllajvdb.fr\/wp-content\/uploads\/2025\/03\/LOGO-PROJETTOIT-rappr-fond-blanc-1-1536x605.png 1536w, http:\/\/cllajvdb.fr\/wp-content\/uploads\/2025\/03\/LOGO-PROJETTOIT-rappr-fond-blanc-1-2048x807.png 2048w\" sizes=\"(max-width: 767px) 89vw, (max-width: 1000px) 54vw, (max-width: 1071px) 543px, 580px\" \/><\/figure><div class=\"wp-block-media-text__content\">\n<p class=\"has-large-font-size\"><\/p>\n<\/div><\/div>\n\n\n\n<p><\/p>\n","protected":false},"excerpt":{"rendered":"<p>CLLAJ Val de Bi\u00e8vre 6-12 Avenue du Pr\u00e9sident Wilson Arri\u00e8re du b\u00e2timent B 94230 Cachan Pour toute demande, merci de joindre directement le 01 45 46 51 39 ou d&rsquo;\u00e9crire sur l&rsquo;adresse email: accueil@cllajvdb.fr Horaires d&rsquo;ouverture au public: Lundi :&nbsp;&nbsp;&nbsp;&nbsp;&nbsp;&nbsp;&nbsp;&nbsp;&nbsp;&nbsp;&nbsp;&nbsp;&nbsp;&nbsp;&nbsp;Ferm\u00e9&nbsp;&nbsp;&nbsp;&nbsp;&nbsp;&nbsp;&nbsp;&nbsp;&nbsp;&nbsp;&nbsp;&nbsp;&nbsp;&nbsp;13h30\/17h00&nbsp; Mardi :&nbsp;&nbsp;&nbsp;&nbsp;&nbsp;&nbsp;&nbsp; &nbsp; &nbsp; 9h30\/12h30 &#8211; 13h30\/18h00 Mercredi :&nbsp;&nbsp;&nbsp; &nbsp;9h30\/12h30&nbsp; &#8211; 13h30\/17h00 Jeudi :&nbsp;&nbsp;&nbsp;&nbsp;&nbsp;&nbsp;&nbsp;&nbsp;&nbsp;&nbsp;&nbsp;&nbsp;&nbsp; 9h30\/12h30 &hellip; <\/p>\n<p class=\"link-more\"><a href=\"http:\/\/cllajvdb.fr\/?page_id=48\" class=\"more-link\">Continuer la lecture<span class=\"screen-reader-text\"> de &laquo;&nbsp;Contact&nbsp;&raquo;<\/span><\/a><\/p>\n","protected":false},"author":1,"featured_media":0,"parent":0,"menu_order":0,"comment_status":"closed","ping_status":"closed","template":"","meta":[],"_links":{"self":[{"href":"http:\/\/cllajvdb.fr\/index.php?rest_route=\/wp\/v2\/pages\/48"}],"collection":[{"href":"http:\/\/cllajvdb.fr\/index.php?rest_route=\/wp\/v2\/pages"}],"about":[{"href":"http:\/\/cllajvdb.fr\/index.php?rest_route=\/wp\/v2\/types\/page"}],"author":[{"embeddable":true,"href":"http:\/\/cllajvdb.fr\/index.php?rest_route=\/wp\/v2\/users\/1"}],"replies":[{"embeddable":true,"href":"http:\/\/cllajvdb.fr\/index.php?rest_route=%2Fwp%2Fv2%2Fcomments&post=48"}],"version-history":[{"count":22,"href":"http:\/\/cllajvdb.fr\/index.php?rest_route=\/wp\/v2\/pages\/48\/revisions"}],"predecessor-version":[{"id":427,"href":"http:\/\/cllajvdb.fr\/index.php?rest_route=\/wp\/v2\/pages\/48\/revisions\/427"}],"wp:attachment":[{"href":"http:\/\/cllajvdb.fr\/index.php?rest_route=%2Fwp%2Fv2%2Fmedia&parent=48"}],"curies":[{"name":"wp","href":"https:\/\/api.w.org\/{rel}","templated":true}]}}